{"id":852,"date":"2024-12-12T06:47:59","date_gmt":"2024-12-12T06:47:59","guid":{"rendered":"https:\/\/mftesting.eu\/?page_id=852"},"modified":"2025-03-03T08:27:29","modified_gmt":"2025-03-03T08:27:29","slug":"impressum","status":"publish","type":"page","link":"https:\/\/mftesting.eu\/de_de\/impressum\/","title":{"rendered":"Impressum"},"content":{"rendered":"\n<div class=\"wp-block-uagb-container uagb-block-cbdc3839 alignfull uagb-is-root-container\"><div class=\"uagb-container-inner-blocks-wrap\">\n<h1 class=\"wp-block-heading\">Impressum<\/h1>\n\n\n\n<h2 class=\"wp-block-heading\">Angaben gem\u00e4\u00df \u00a7 5 TMG<\/h2>\n\n\n\n<p class=\"has-ast-global-color-5-color has-text-color has-link-color wp-elements-98582921d418377958df18c7c86af12e\">MFTesting<br>Sch\u00f6ppenkampstrasse 33<br>58540 Meinerzhagen<\/p>\n\n\n\n<p class=\"has-ast-global-color-5-color has-text-color has-link-color wp-elements-26edbfe02e37490856f765a87cf1bab4\"><strong>Vertreten durch:<\/strong><br>Gesch\u00e4ftsf\u00fchrender Marvin Fischer<\/p>\n\n\n\n<h2 class=\"wp-block-heading\">Kontakt<\/h2>\n\n\n\n<p class=\"has-ast-global-color-5-color has-text-color has-link-color wp-elements-7e864582f51ae9d5d38b3c000b0f0dec\">Telefon: +49 (0) 151\/ 46266477<br>E-Mail: info@mftesting.eu<\/p>\n\n\n\n<h2 class=\"wp-block-heading\">Postadresse<\/h2>\n\n\n\n<p class=\"has-ast-global-color-5-color has-text-color has-link-color wp-elements-f0a6d87e7679017e7624cca6aca738ab\">Sch\u00f6ppenkampstrasse 33<br>58540 Meinerzhagen<\/p>\n<\/div><\/div>\n","protected":false},"excerpt":{"rendered":"<p>Impressum Angaben gem\u00e4\u00df \u00a7 5 TMG MFTestingSch\u00f6ppenkampstrasse 3358540 Meinerzhagen Vertreten durch:Gesch\u00e4ftsf\u00fchrender Marvin Fischer Kontakt Telefon: +49 (0) 151\/ 46266477E-Mail: info@mftesting.eu Postadresse Sch\u00f6ppenkampstrasse 3358540 Meinerzhagen<\/p>\n","protected":false},"author":1,"featured_media":0,"parent":0,"menu_order":0,"comment_status":"closed","ping_status":"closed","template":"","meta":{"_uag_custom_page_level_css":"","site-sidebar-layout":"default","site-content-layout":"","ast-site-content-layout":"","site-content-style":"default","site-sidebar-style":"default","ast-global-header-display":"","ast-banner-title-visibility":"","ast-main-header-display":"","ast-hfb-above-header-display":"","ast-hfb-below-header-display":"","ast-hfb-mobile-header-display":"","site-post-title":"disabled","ast-breadcrumbs-content":"","ast-featured-img":"","footer-sml-layout":"","ast-disable-related-posts":"","theme-transparent-header-meta":"","adv-header-id-meta":"","stick-header-meta":"","header-above-stick-meta":"","header-main-stick-meta":"","header-below-stick-meta":"","astra-migrate-meta-layouts":"default","ast-page-background-enabled":"default","ast-page-background-meta":{"desktop":{"background-color":"var(--ast-global-color-4)","background-image":"","background-repeat":"repeat","background-position":"center center","background-size":"auto","background-attachment":"scroll","background-type":"","background-media":"","overlay-type":"","overlay-color":"","overlay-opacity":"","overlay-gradient":""},"tablet":{"background-color":"","background-image":"","background-repeat":"repeat","background-position":"center center","background-size":"auto","background-attachment":"scroll","background-type":"","background-media":"","overlay-type":"","overlay-color":"","overlay-opacity":"","overlay-gradient":""},"mobile":{"background-color":"","background-image":"","background-repeat":"repeat","background-position":"center center","background-size":"auto","background-attachment":"scroll","background-type":"","background-media":"","overlay-type":"","overlay-color":"","overlay-opacity":"","overlay-gradient":""}},"ast-content-background-meta":{"desktop":{"background-color":"var(--ast-global-color-5)","background-image":"","background-repeat":"repeat","background-position":"center center","background-size":"auto","background-attachment":"scroll","background-type":"","background-media":"","overlay-type":"","overlay-color":"","overlay-opacity":"","overlay-gradient":""},"tablet":{"background-color":"var(--ast-global-color-5)","background-image":"","background-repeat":"repeat","background-position":"center center","background-size":"auto","background-attachment":"scroll","background-type":"","background-media":"","overlay-type":"","overlay-color":"","overlay-opacity":"","overlay-gradient":""},"mobile":{"background-color":"var(--ast-global-color-5)","background-image":"","background-repeat":"repeat","background-position":"center center","background-size":"auto","background-attachment":"scroll","background-type":"","background-media":"","overlay-type":"","overlay-color":"","overlay-opacity":"","overlay-gradient":""}},"footnotes":""},"class_list":["post-852","page","type-page","status-publish","hentry"],"aioseo_notices":[],"uagb_featured_image_src":{"full":false,"thumbnail":false,"medium":false,"medium_large":false,"large":false,"1536x1536":false,"2048x2048":false,"trp-custom-language-flag":false},"uagb_author_info":{"display_name":"admin","author_link":"https:\/\/mftesting.eu\/de_de\/author\/admin\/"},"uagb_comment_info":0,"uagb_excerpt":"Impressum Angaben gem\u00e4\u00df \u00a7 5 TMG MFTestingSch\u00f6ppenkampstrasse 3358540 Meinerzhagen Vertreten durch:Gesch\u00e4ftsf\u00fchrender Marvin Fischer Kontakt Telefon: +49 (0) 151\/ 46266477E-Mail: info@mftesting.eu Postadresse Sch\u00f6ppenkampstrasse 3358540 Meinerzhagen","_links":{"self":[{"href":"https:\/\/mftesting.eu\/de_de\/wp-json\/wp\/v2\/pages\/852","targetHints":{"allow":["GET"]}}],"collection":[{"href":"https:\/\/mftesting.eu\/de_de\/wp-json\/wp\/v2\/pages"}],"about":[{"href":"https:\/\/mftesting.eu\/de_de\/wp-json\/wp\/v2\/types\/page"}],"author":[{"embeddable":true,"href":"https:\/\/mftesting.eu\/de_de\/wp-json\/wp\/v2\/users\/1"}],"replies":[{"embeddable":true,"href":"https:\/\/mftesting.eu\/de_de\/wp-json\/wp\/v2\/comments?post=852"}],"version-history":[{"count":2,"href":"https:\/\/mftesting.eu\/de_de\/wp-json\/wp\/v2\/pages\/852\/revisions"}],"predecessor-version":[{"id":1311,"href":"https:\/\/mftesting.eu\/de_de\/wp-json\/wp\/v2\/pages\/852\/revisions\/1311"}],"wp:attachment":[{"href":"https:\/\/mftesting.eu\/de_de\/wp-json\/wp\/v2\/media?parent=852"}],"curies":[{"name":"wp","href":"https:\/\/api.w.org\/{rel}","templated":true}]}}